{"id":2847,"date":"2025-09-29T09:47:00","date_gmt":"2025-09-29T07:47:00","guid":{"rendered":"https:\/\/autokey.ch\/de-ch\/?page_id=2847"},"modified":"2025-11-13T14:14:09","modified_gmt":"2025-11-13T13:14:09","slug":"anfrage-fuer-kostenvoranschlag-autoschluessel-duplikat","status":"publish","type":"page","link":"https:\/\/autokey.ch\/de-ch\/kontakt\/anfrage-fuer-kostenvoranschlag-autoschluessel-duplikat\/","title":{"rendered":"Anfrage fuer Kostenvoranschlag \u2013 Autoschluessel Duplikat"},"content":{"rendered":"\t\t<div data-elementor-type=\"wp-page\" data-elementor-id=\"2847\" class=\"elementor elementor-2847\">\n\t\t\t\t<div class=\"elementor-element elementor-element-312f278 e-con-full e-flex e-con e-parent\" data-id=\"312f278\" data-element_type=\"container\">\n\t\t<div class=\"elementor-element elementor-element-8e066d6 e-con-full e-flex e-con e-child\" data-id=\"8e066d6\" data-element_type=\"container\">\n\t\t\t\t<div class=\"elementor-element elementor-element-a127dc4 elementor-widget elementor-widget-text-editor\" data-id=\"a127dc4\" data-element_type=\"widget\" data-settings=\"{&quot;wdt_animation_effect&quot;:&quot;none&quot;}\" data-widget_type=\"text-editor.default\">\n\t\t\t\t<div class=\"elementor-widget-container\">\n\t\t\t\t\t\t\t\t\t<p>Bitte fuellen Sie das Formular unten aus, um einen schnellen und genauen Kostenvoranschlag zu erhalten.<br data-start=\"288\" data-end=\"291\" \/>Wir sind 24h pro Tag und 7 Tage pro Woche in der Region Basel, im Jura und in der Nordwestschweiz taetig, unter anderem in Basel, Delemont, Porrentruy, Liestal, Rheinfelden und Allschwil.<\/p>\t\t\t\t\t\t\t\t<\/div>\n\t\t\t\t<\/div>\n\t\t\t\t<div class=\"elementor-element elementor-element-8e6e9f4 wdt-use-icon-yes wdt-icon-align-left elementor-widget elementor-widget-wdt-creative-button\" data-id=\"8e6e9f4\" data-element_type=\"widget\" data-settings=\"{&quot;wdt_animation_effect&quot;:&quot;none&quot;}\" data-widget_type=\"wdt-creative-button.default\">\n\t\t\t\t<div class=\"elementor-widget-container\">\n\t\t\t\t\t<div id=\"wdt-creative-button-8e6e9f4\" class=\"wdt-creative-button-wrapper medium wdt-creative-button-effect-default\"><a class=\"wdt-button\" href=\"https:\/\/wa.me\/33699116321\"><div class=\"wdt-icon-wrapper\"><svg aria-hidden=\"true\" class=\"e-font-icon-svg e-fab-whatsapp\" viewBox=\"0 0 448 512\" xmlns=\"http:\/\/www.w3.org\/2000\/svg\"><path d=\"M380.9 97.1C339 55.1 283.2 32 223.9 32c-122.4 0-222 99.6-222 222 0 39.1 10.2 77.3 29.6 111L0 480l117.7-30.9c32.4 17.7 68.9 27 106.1 27h.1c122.3 0 224.1-99.6 224.1-222 0-59.3-25.2-115-67.1-157zm-157 341.6c-33.2 0-65.7-8.9-94-25.7l-6.7-4-69.8 18.3L72 359.2l-4.4-7c-18.5-29.4-28.2-63.3-28.2-98.2 0-101.7 82.8-184.5 184.6-184.5 49.3 0 95.6 19.2 130.4 54.1 34.8 34.9 56.2 81.2 56.1 130.5 0 101.8-84.9 184.6-186.6 184.6zm101.2-138.2c-5.5-2.8-32.8-16.2-37.9-18-5.1-1.9-8.8-2.8-12.5 2.8-3.7 5.6-14.3 18-17.6 21.8-3.2 3.7-6.5 4.2-12 1.4-32.6-16.3-54-29.1-75.5-66-5.7-9.8 5.7-9.1 16.3-30.3 1.8-3.7.9-6.9-.5-9.7-1.4-2.8-12.5-30.1-17.1-41.2-4.5-10.8-9.1-9.3-12.5-9.5-3.2-.2-6.9-.2-10.6-.2-3.7 0-9.7 1.4-14.8 6.9-5.1 5.6-19.4 19-19.4 46.3 0 27.3 19.9 53.7 22.6 57.4 2.8 3.7 39.1 59.7 94.8 83.8 35.2 15.2 49 16.5 66.6 13.9 10.7-1.6 32.8-13.4 37.4-26.4 4.6-13 4.6-24.1 3.2-26.4-1.3-2.5-5-3.9-10.5-6.6z\"><\/path><\/svg><\/div><div class=\"wdt-label-wrapper\"><span data-text=\"\">Fuer einen schnellen Einsatz 24h24 kontaktieren Sie uns direkt per WhatsApp ueber diese Taste oder unter der Nummer +33 6 99 11 63 21<\/span><\/div><\/a><\/div>\t\t\t\t<\/div>\n\t\t\t\t<\/div>\n\t\t\t\t<div class=\"elementor-element elementor-element-2ef3abe elementor-widget elementor-widget-shortcode\" data-id=\"2ef3abe\" data-element_type=\"widget\" data-settings=\"{&quot;wdt_animation_effect&quot;:&quot;none&quot;}\" data-widget_type=\"shortcode.default\">\n\t\t\t\t<div class=\"elementor-widget-container\">\n\t\t\t\t\t\t\t<div class=\"elementor-shortcode\">\n<div class=\"wpcf7 no-js\" id=\"wpcf7-f2816-o1\" lang=\"fr-FR\" dir=\"ltr\" data-wpcf7-id=\"2816\">\n<div class=\"screen-reader-response\"><p role=\"status\" aria-live=\"polite\" aria-atomic=\"true\"><\/p> <ul><\/ul><\/div>\n<form action=\"\/de-ch\/wp-json\/wp\/v2\/pages\/2847#wpcf7-f2816-o1\" method=\"post\" class=\"wpcf7-form init\" aria-label=\"Formulaire de contact\" enctype=\"multipart\/form-data\" novalidate=\"novalidate\" data-status=\"init\">\n<fieldset class=\"hidden-fields-container\"><input type=\"hidden\" name=\"_wpcf7\" value=\"2816\" \/><input type=\"hidden\" name=\"_wpcf7_version\" value=\"6.1.3\" \/><input type=\"hidden\" name=\"_wpcf7_locale\" value=\"fr_FR\" \/><input type=\"hidden\" name=\"_wpcf7_unit_tag\" value=\"wpcf7-f2816-o1\" \/><input type=\"hidden\" name=\"_wpcf7_container_post\" value=\"0\" \/><input type=\"hidden\" name=\"_wpcf7_posted_data_hash\" value=\"\" \/>\n<\/fieldset>\n<p><label> Vorname*<br \/>\n<span class=\"wpcf7-form-control-wrap\" data-name=\"first-name\"><input size=\"40\" maxlength=\"400\" class=\"wpcf7-form-control wpcf7-text wpcf7-validates-as-required\" aria-required=\"true\" aria-invalid=\"false\" placeholder=\"z. B. Julia\" value=\"\" type=\"text\" name=\"first-name\" \/><\/span> <\/label>\n<\/p>\n<p><label> Nachname*<br \/>\n<span class=\"wpcf7-form-control-wrap\" data-name=\"last-name\"><input size=\"40\" maxlength=\"400\" class=\"wpcf7-form-control wpcf7-text wpcf7-validates-as-required\" aria-required=\"true\" aria-invalid=\"false\" placeholder=\"z. B. Martin\" value=\"\" type=\"text\" name=\"last-name\" \/><\/span> <\/label>\n<\/p>\n<p><label> E-Mail*<br \/>\n<span class=\"wpcf7-form-control-wrap\" data-name=\"your-email\"><input size=\"40\" maxlength=\"400\" class=\"wpcf7-form-control wpcf7-email wpcf7-validates-as-required wpcf7-text wpcf7-validates-as-email\" aria-required=\"true\" aria-invalid=\"false\" placeholder=\"z. B. julia.martin@gmail.com\" value=\"\" type=\"email\" name=\"your-email\" \/><\/span> <\/label>\n<\/p>\n<p><label> Telefon*<br \/>\n<span class=\"wpcf7-form-control-wrap\" data-name=\"your-phone\"><input size=\"40\" maxlength=\"400\" class=\"wpcf7-form-control wpcf7-tel wpcf7-validates-as-required wpcf7-text wpcf7-validates-as-tel\" aria-required=\"true\" aria-invalid=\"false\" placeholder=\"z. B. 078 123 45 67\" value=\"\" type=\"tel\" name=\"your-phone\" \/><\/span> <\/label>\n<\/p>\n<p><label> Fahrzeugmarke und Modell*<br \/>\n<span class=\"wpcf7-form-control-wrap\" data-name=\"car-model\"><input size=\"40\" maxlength=\"400\" class=\"wpcf7-form-control wpcf7-text wpcf7-validates-as-required\" aria-required=\"true\" aria-invalid=\"false\" placeholder=\"z. B. Peugeot 308\" value=\"\" type=\"text\" name=\"car-model\" \/><\/span> <\/label>\n<\/p>\n<p><label> Fahrzeugjahr*<br \/>\n<span class=\"wpcf7-form-control-wrap\" data-name=\"engine-year\"><input class=\"wpcf7-form-control wpcf7-number wpcf7-validates-as-required wpcf7-validates-as-number\" min=\"1900\" max=\"2030\" aria-required=\"true\" aria-invalid=\"false\" placeholder=\"z. B. 2018\" value=\"\" type=\"number\" name=\"engine-year\" \/><\/span> <\/label>\n<\/p>\n<p><label> Motorleistung (PS)*<br \/>\n<span class=\"wpcf7-form-control-wrap\" data-name=\"engine-power\"><input class=\"wpcf7-form-control wpcf7-number wpcf7-validates-as-required wpcf7-validates-as-number\" min=\"1\" max=\"2000\" aria-required=\"true\" aria-invalid=\"false\" placeholder=\"z. B. 120\" value=\"\" type=\"number\" name=\"engine-power\" \/><\/span> <\/label>\n<\/p>\n<p><label> Schl\u00fcsseltyp zum Duplizieren*<br \/>\n<span class=\"wpcf7-form-control-wrap\" data-name=\"key-type\"><select class=\"wpcf7-form-control wpcf7-select wpcf7-validates-as-required\" aria-required=\"true\" aria-invalid=\"false\" name=\"key-type\"><option value=\"\">&#8212;Veuillez choisir une option&#8212;<\/option><option value=\"Mit Tasten (Fernbedienung)\">Mit Tasten (Fernbedienung)<\/option><option value=\"Ohne Tasten\">Ohne Tasten<\/option><\/select><\/span> <\/label>\n<\/p>\n<p><label> Anzahl Tasten (falls Fernbedienung)<br \/>\n<span class=\"wpcf7-form-control-wrap\" data-name=\"key-buttons\"><select class=\"wpcf7-form-control wpcf7-select\" aria-invalid=\"false\" name=\"key-buttons\"><option value=\"\">&#8212;Veuillez choisir une option&#8212;<\/option><option value=\"0\">0<\/option><option value=\"1\">1<\/option><option value=\"2\">2<\/option><option value=\"3\">3<\/option><option value=\"4\">4<\/option><\/select><\/span> <\/label>\n<\/p>\n<p><label> Foto Ihres aktuellen Schl\u00fcssels (stark empfohlen)<br \/>\n<span class=\"wpcf7-form-control-wrap\" data-name=\"key-photo\"><input size=\"40\" class=\"wpcf7-form-control wpcf7-file\" accept=\".jpg,.jpeg,.png\" aria-invalid=\"false\" type=\"file\" name=\"key-photo\" \/><\/span> <\/label>\n<\/p>\n<p><label> Gew\u00fcnschter Einsatzort*<br \/>\n<span class=\"wpcf7-form-control-wrap\" data-name=\"location\"><input size=\"40\" maxlength=\"400\" class=\"wpcf7-form-control wpcf7-text wpcf7-validates-as-required\" aria-required=\"true\" aria-invalid=\"false\" placeholder=\"z. B. Basel, Biel, Bern oder in unserer Werkstatt\" value=\"\" type=\"text\" name=\"location\" \/><\/span> <\/label>\n<\/p>\n<p><label> Weitere Angaben<br \/>\n<span class=\"wpcf7-form-control-wrap\" data-name=\"more-details\"><textarea cols=\"40\" rows=\"10\" maxlength=\"2000\" class=\"wpcf7-form-control wpcf7-textarea\" aria-invalid=\"false\" placeholder=\"z. B. Ich m\u00f6chte einen Ersatzschl\u00fcssel mit Fernbedienung f\u00fcr meinen Peugeot 308\" name=\"more-details\"><\/textarea><\/span> <\/label>\n<\/p>\n<p><label><br \/>\n<span class=\"wpcf7-form-control-wrap\" data-name=\"rgpd-consent\"><span class=\"wpcf7-form-control wpcf7-checkbox wpcf7-validates-as-required\"><span class=\"wpcf7-list-item first last\"><label><input type=\"checkbox\" name=\"rgpd-consent[]\" value=\"Ich akzeptiere, dass meine Daten ausschliesslich zur Bearbeitung meiner Anfrage verwendet werden, gem\u00e4ss DSGVO und dem schweizerischen Datenschutzgesetz (nDSG).\" \/><span class=\"wpcf7-list-item-label\">Ich akzeptiere, dass meine Daten ausschliesslich zur Bearbeitung meiner Anfrage verwendet werden, gem\u00e4ss DSGVO und dem schweizerischen Datenschutzgesetz (nDSG).<\/span><\/label><\/span><\/span><\/span><br \/>\n<\/label>\n<\/p>\n<p><input class=\"wpcf7-form-control wpcf7-submit has-spinner\" type=\"submit\" value=\"Anfrage senden\" \/>\n<\/p><div class=\"wpcf7-response-output\" aria-hidden=\"true\"><\/div>\n<\/form>\n<\/div>\n<\/div>\n\t\t\t\t\t\t<\/div>\n\t\t\t\t<\/div>\n\t\t\t\t<div class=\"elementor-element elementor-element-dc046a1 elementor-widget elementor-widget-html\" data-id=\"dc046a1\" data-element_type=\"widget\" data-settings=\"{&quot;wdt_animation_effect&quot;:&quot;none&quot;}\" data-widget_type=\"html.default\">\n\t\t\t\t<div class=\"elementor-widget-container\">\n\t\t\t\t\t<script>\r\ndocument.addEventListener(\"DOMContentLoaded\", function() {\r\n  var meta = document.createElement(\"meta\");\r\n  meta.name = \"robots\";\r\n  meta.content = \"noindex, nofollow\";\r\n  document.getElementsByTagName(\"head\")[0].appendChild(meta);\r\n});\r\n<\/script>\r\n\t\t\t\t<\/div>\n\t\t\t\t<\/div>\n\t\t\t\t<\/div>\n\t\t\t\t<\/div>\n\t\t\t\t<\/div>\n\t\t","protected":false},"excerpt":{"rendered":"<p>Bitte fuellen Sie das Formular unten aus, um einen schnellen und genauen Kostenvoranschlag zu erhalten.Wir sind 24h pro Tag und 7 Tage pro Woche in der Region Basel, im Jura und in der Nordwestschweiz taetig, unter anderem in Basel, Delemont, Porrentruy, Liestal, Rheinfelden und Allschwil. Fuer einen schnellen Einsatz 24h24 kontaktieren Sie uns direkt per [&hellip;]<\/p>\n","protected":false},"author":1,"featured_media":0,"parent":64,"menu_order":0,"comment_status":"closed","ping_status":"closed","template":"tpl-side-nav.php","meta":{"footnotes":""},"class_list":["post-2847","page","type-page","status-publish","hentry"],"aioseo_notices":[],"_links":{"self":[{"href":"https:\/\/autokey.ch\/de-ch\/wp-json\/wp\/v2\/pages\/2847","targetHints":{"allow":["GET"]}}],"collection":[{"href":"https:\/\/autokey.ch\/de-ch\/wp-json\/wp\/v2\/pages"}],"about":[{"href":"https:\/\/autokey.ch\/de-ch\/wp-json\/wp\/v2\/types\/page"}],"author":[{"embeddable":true,"href":"https:\/\/autokey.ch\/de-ch\/wp-json\/wp\/v2\/users\/1"}],"replies":[{"embeddable":true,"href":"https:\/\/autokey.ch\/de-ch\/wp-json\/wp\/v2\/comments?post=2847"}],"version-history":[{"count":19,"href":"https:\/\/autokey.ch\/de-ch\/wp-json\/wp\/v2\/pages\/2847\/revisions"}],"predecessor-version":[{"id":3464,"href":"https:\/\/autokey.ch\/de-ch\/wp-json\/wp\/v2\/pages\/2847\/revisions\/3464"}],"up":[{"embeddable":true,"href":"https:\/\/autokey.ch\/de-ch\/wp-json\/wp\/v2\/pages\/64"}],"wp:attachment":[{"href":"https:\/\/autokey.ch\/de-ch\/wp-json\/wp\/v2\/media?parent=2847"}],"curies":[{"name":"wp","href":"https:\/\/api.w.org\/{rel}","templated":true}]}}