{"id":3176,"date":"2025-11-01T15:19:51","date_gmt":"2025-11-01T14:19:51","guid":{"rendered":"https:\/\/autokey.ch\/de-ch\/?page_id=3176"},"modified":"2025-11-01T15:21:42","modified_gmt":"2025-11-01T14:21:42","slug":"les-mentions-legales","status":"publish","type":"page","link":"https:\/\/autokey.ch\/de-ch\/les-mentions-legales\/","title":{"rendered":"Les mentions l\u00e9gales"},"content":{"rendered":"\t\t<div data-elementor-type=\"wp-page\" data-elementor-id=\"3176\" class=\"elementor elementor-3176\">\n\t\t\t\t<div class=\"elementor-element elementor-element-be9f73b e-flex e-con-boxed e-con e-parent\" data-id=\"be9f73b\" data-element_type=\"container\">\n\t\t\t\t\t<div class=\"e-con-inner\">\n\t\t\t\t<div class=\"elementor-element elementor-element-a7a8f16 elementor-widget elementor-widget-text-editor\" data-id=\"a7a8f16\" data-element_type=\"widget\" data-settings=\"{&quot;wdt_animation_effect&quot;:&quot;none&quot;}\" data-widget_type=\"text-editor.default\">\n\t\t\t\t<div class=\"elementor-widget-container\">\n\t\t\t\t\t\t\t\t\t<h2 data-start=\"480\" data-end=\"506\"><strong data-start=\"484\" data-end=\"506\">1. \u00c9diteur du site<\/strong><\/h2><p data-start=\"508\" data-end=\"1058\"><strong data-start=\"508\" data-end=\"534\">D\u00e9nomination sociale :<\/strong> OPTICAR (AUTOKEY 68 &#8211; ZE PERFORMANCE)<br data-start=\"572\" data-end=\"575\" \/><strong data-start=\"575\" data-end=\"596\">Forme juridique :<\/strong> SAS (Soci\u00e9t\u00e9 par Actions Simplifi\u00e9e)<br data-start=\"633\" data-end=\"636\" \/><strong data-start=\"636\" data-end=\"656\">Capital social :<\/strong> 1 000,00 \u20ac<br data-start=\"667\" data-end=\"670\" \/><strong data-start=\"670\" data-end=\"688\">Si\u00e8ge social :<\/strong> 6 Avenue de Suisse, 68110 Illzach \u2013 France<br data-start=\"731\" data-end=\"734\" \/><strong data-start=\"734\" data-end=\"745\">SIREN :<\/strong> 903 220 416<br data-start=\"757\" data-end=\"760\" \/><strong data-start=\"760\" data-end=\"771\">SIRET :<\/strong> 903 220 416 00023<br data-start=\"789\" data-end=\"792\" \/><strong data-start=\"792\" data-end=\"823\">N\u00b0 TVA Intracommunautaire :<\/strong> FR16 903 220 416<br data-start=\"840\" data-end=\"843\" \/><strong data-start=\"843\" data-end=\"863\">Code NAF \/ APE :<\/strong> 45.20A \u2013 Entretien et r\u00e9paration de v\u00e9hicules automobiles l\u00e9gers<br data-start=\"928\" data-end=\"931\" \/><strong data-start=\"931\" data-end=\"964\">Directeur de la publication :<\/strong> M. <strong data-start=\"968\" data-end=\"985\">Erkam TASKAFA<\/strong>, Pr\u00e9sident<br data-start=\"996\" data-end=\"999\" \/><strong data-start=\"999\" data-end=\"1014\">T\u00e9l\u00e9phone :<\/strong> 06 99 11 63 21<br data-start=\"1029\" data-end=\"1032\" data-is-only-node=\"\" \/><strong data-start=\"1032\" data-end=\"1044\">E-mail :<\/strong> [\u00e0 compl\u00e9ter]<\/p><hr data-start=\"1060\" data-end=\"1063\" \/><h2 data-start=\"1065\" data-end=\"1093\"><strong data-start=\"1069\" data-end=\"1093\">2. H\u00e9bergeur du site<\/strong><\/h2><p data-start=\"1095\" data-end=\"1401\"><strong data-start=\"1095\" data-end=\"1110\">H\u00e9bergeur :<\/strong> LWS (Ligne Web Services)<br data-start=\"1135\" data-end=\"1138\" \/><strong data-start=\"1138\" data-end=\"1151\">Adresse :<\/strong> 10 rue Penthi\u00e8vre, 75008 Paris \u2013 France<br data-start=\"1191\" data-end=\"1194\" \/><strong data-start=\"1194\" data-end=\"1209\">T\u00e9l\u00e9phone :<\/strong> 01 77 62 30 03<br data-start=\"1224\" data-end=\"1227\" \/><strong data-start=\"1227\" data-end=\"1241\">Site web :<\/strong> <a class=\"decorated-link\" href=\"https:\/\/www.lws.fr\/\" target=\"_new\" rel=\"noopener\" data-start=\"1242\" data-end=\"1284\">https:\/\/www.lws.fr\/<\/a><br data-start=\"1284\" data-end=\"1287\" \/><strong data-start=\"1287\" data-end=\"1314\">Formulaire de contact :<\/strong> <a class=\"decorated-link\" href=\"https:\/\/www.lws.fr\/contact_formulaire.php\" target=\"_new\" rel=\"noopener\" data-start=\"1315\" data-end=\"1401\">https:\/\/www.lws.fr\/contact_formulaire.php<\/a><\/p><hr data-start=\"1403\" data-end=\"1406\" \/><h2 data-start=\"670\" data-end=\"701\"><strong data-start=\"674\" data-end=\"701\">3. Donn\u00e9es personnelles<\/strong><\/h2><p data-start=\"708\" data-end=\"1059\">Le site <strong data-start=\"716\" data-end=\"757\">OPTICAR (AUTOKEY 68 &#8211; ZE PERFORMANCE)<\/strong> ne stocke aucune donn\u00e9e personnelle dans une base de donn\u00e9es.<br data-start=\"819\" data-end=\"822\" \/>Les informations saisies dans le formulaire de contact sont transmises uniquement par e-mail \u00e0 l\u2019entreprise dans le but de r\u00e9pondre aux demandes des utilisateurs.<br data-start=\"986\" data-end=\"989\" \/>Aucune donn\u00e9e n\u2019est conserv\u00e9e ou utilis\u00e9e \u00e0 des fins commerciales.<\/p><p data-start=\"1066\" data-end=\"1238\">Conform\u00e9ment au <strong data-start=\"1082\" data-end=\"1140\">R\u00e8glement G\u00e9n\u00e9ral sur la Protection des Donn\u00e9es (RGPD)<\/strong>, vous pouvez demander la suppression des \u00e9changes vous concernant en contactant <strong data-start=\"1221\" data-end=\"1237\">[ton e-mail]<\/strong>.<\/p><hr data-start=\"1941\" data-end=\"1944\" \/><h2 data-start=\"1946\" data-end=\"1964\"><strong data-start=\"1950\" data-end=\"1964\">4. Cookies<\/strong><\/h2><p data-start=\"1966\" data-end=\"2247\">Le site peut utiliser des cookies n\u00e9cessaires \u00e0 son fonctionnement ou \u00e0 des fins de mesure d\u2019audience (par exemple Google Analytics).<br data-start=\"2099\" data-end=\"2102\" \/>Vous pouvez g\u00e9rer vos pr\u00e9f\u00e9rences via le bandeau de consentement affich\u00e9 lors de votre premi\u00e8re visite ou via les param\u00e8tres de votre navigateur.<\/p>\t\t\t\t\t\t\t\t<\/div>\n\t\t\t\t<\/div>\n\t\t\t\t<div class=\"elementor-element elementor-element-973b2fd elementor-widget elementor-widget-html\" data-id=\"973b2fd\" data-element_type=\"widget\" data-settings=\"{&quot;wdt_animation_effect&quot;:&quot;none&quot;}\" data-widget_type=\"html.default\">\n\t\t\t\t<div class=\"elementor-widget-container\">\n\t\t\t\t\t<script>\r\n(function() {\r\n  var meta = document.createElement('meta');\r\n  meta.name = \"robots\";\r\n  meta.content = \"noindex, nofollow\";\r\n  document.head.appendChild(meta);\r\n})();\r\n<\/script>\r\n\t\t\t\t<\/div>\n\t\t\t\t<\/div>\n\t\t\t\t\t<\/div>\n\t\t\t\t<\/div>\n\t\t\t\t<\/div>\n\t\t","protected":false},"excerpt":{"rendered":"<p>1. \u00c9diteur du site D\u00e9nomination sociale : OPTICAR (AUTOKEY 68 &#8211; ZE PERFORMANCE)Forme juridique : SAS (Soci\u00e9t\u00e9 par Actions Simplifi\u00e9e)Capital social : 1 000,00 \u20acSi\u00e8ge social : 6 Avenue de Suisse, 68110 Illzach \u2013 FranceSIREN : 903 220 416SIRET : 903 220 416 00023N\u00b0 TVA Intracommunautaire : FR16 903 220 416Code NAF \/ APE : [&hellip;]<\/p>\n","protected":false},"author":1,"featured_media":0,"parent":0,"menu_order":0,"comment_status":"closed","ping_status":"closed","template":"","meta":{"footnotes":""},"class_list":["post-3176","page","type-page","status-publish","hentry"],"aioseo_notices":[],"_links":{"self":[{"href":"https:\/\/autokey.ch\/de-ch\/wp-json\/wp\/v2\/pages\/3176","targetHints":{"allow":["GET"]}}],"collection":[{"href":"https:\/\/autokey.ch\/de-ch\/wp-json\/wp\/v2\/pages"}],"about":[{"href":"https:\/\/autokey.ch\/de-ch\/wp-json\/wp\/v2\/types\/page"}],"author":[{"embeddable":true,"href":"https:\/\/autokey.ch\/de-ch\/wp-json\/wp\/v2\/users\/1"}],"replies":[{"embeddable":true,"href":"https:\/\/autokey.ch\/de-ch\/wp-json\/wp\/v2\/comments?post=3176"}],"version-history":[{"count":5,"href":"https:\/\/autokey.ch\/de-ch\/wp-json\/wp\/v2\/pages\/3176\/revisions"}],"predecessor-version":[{"id":3181,"href":"https:\/\/autokey.ch\/de-ch\/wp-json\/wp\/v2\/pages\/3176\/revisions\/3181"}],"wp:attachment":[{"href":"https:\/\/autokey.ch\/de-ch\/wp-json\/wp\/v2\/media?parent=3176"}],"curies":[{"name":"wp","href":"https:\/\/api.w.org\/{rel}","templated":true}]}}