{"id":63,"date":"2024-08-09T08:25:07","date_gmt":"2024-08-09T08:25:07","guid":{"rendered":"https:\/\/autokey.ch\/de-ch\/?page_id=63"},"modified":"2025-11-01T15:06:50","modified_gmt":"2025-11-01T14:06:50","slug":"blog","status":"publish","type":"page","link":"https:\/\/autokey.ch\/de-ch\/blog\/","title":{"rendered":"Blog"},"content":{"rendered":"\t\t<div data-elementor-type=\"wp-page\" data-elementor-id=\"63\" class=\"elementor elementor-63\">\n\t\t\t\t\t\t<section class=\"elementor-section elementor-top-section elementor-element elementor-element-26e6078 elementor-section-boxed elementor-section-height-default elementor-section-height-default\" data-id=\"26e6078\" data-element_type=\"section\" data-settings=\"{&quot;wdt_bg_image&quot;:{&quot;url&quot;:&quot;&quot;,&quot;id&quot;:&quot;&quot;,&quot;size&quot;:&quot;&quot;},&quot;wdt_bg_image_laptop&quot;:{&quot;url&quot;:&quot;&quot;,&quot;id&quot;:&quot;&quot;,&quot;size&quot;:&quot;&quot;},&quot;wdt_bg_image_tablet_extra&quot;:{&quot;url&quot;:&quot;&quot;,&quot;id&quot;:&quot;&quot;,&quot;size&quot;:&quot;&quot;},&quot;wdt_bg_image_tablet&quot;:{&quot;url&quot;:&quot;&quot;,&quot;id&quot;:&quot;&quot;,&quot;size&quot;:&quot;&quot;},&quot;wdt_bg_image_mobile_extra&quot;:{&quot;url&quot;:&quot;&quot;,&quot;id&quot;:&quot;&quot;,&quot;size&quot;:&quot;&quot;},&quot;wdt_bg_image_mobile&quot;:{&quot;url&quot;:&quot;&quot;,&quot;id&quot;:&quot;&quot;,&quot;size&quot;:&quot;&quot;},&quot;wdt_bg_position&quot;:&quot;center center&quot;,&quot;wdt_animation_effect&quot;:&quot;none&quot;}\">\n\t\t\t\t\t\t<div class=\"elementor-container elementor-column-gap-no\">\n\t\t\t\t\t<div class=\"elementor-column elementor-col-100 elementor-top-column elementor-element elementor-element-da9bca3\" data-id=\"da9bca3\" data-element_type=\"column\">\n\t\t\t<div class=\"elementor-widget-wrap elementor-element-populated\">\n\t\t\t\t\t\t<div class=\"elementor-element elementor-element-e89510a elementor-invisible elementor-widget elementor-widget-wdt-blog-posts\" data-id=\"e89510a\" data-element_type=\"widget\" data-settings=\"{&quot;_animation&quot;:&quot;fadeInRight&quot;,&quot;_animation_delay&quot;:200,&quot;wdt_animation_effect&quot;:&quot;none&quot;}\" data-widget_type=\"wdt-blog-posts.default\">\n\t\t\t\t<div class=\"elementor-widget-container\">\n\t\t\t\t\t<div class=\"wdt-posts-list-wrapper  wdt-post-list-carousel-e89510a\" ><div class='wdt-warning-box'>No Posts Found in Category 48<\/div><\/div>\t\t\t\t<\/div>\n\t\t\t\t<\/div>\n\t\t\t\t\t<\/div>\n\t\t<\/div>\n\t\t\t\t\t<\/div>\n\t\t<\/section>\n\t\t\t\t<\/div>\n\t\t","protected":false},"excerpt":{"rendered":"<p>R\u00e9paration cl\u00e9 de voiture qui ne d\u00e9marre pas ou coque cass\u00e9e Perdre la fonctionnalit\u00e9 de sa cl\u00e9 de voiture, c\u2019est souvent la panique. Que votre cl\u00e9 ne d\u00e9marre plus ou que sa coque soit cass\u00e9e, il n\u2019est pas toujours n\u00e9cessaire&#8230; lire l&#8217;article en entier O\u00f9 faire un double de cl\u00e9 de voiture \u00e0 Mulhouse ? [&hellip;]<\/p>\n","protected":false},"author":1,"featured_media":0,"parent":0,"menu_order":0,"comment_status":"closed","ping_status":"closed","template":"elementor_header_footer","meta":{"footnotes":""},"class_list":["post-63","page","type-page","status-publish","hentry"],"aioseo_notices":[],"_links":{"self":[{"href":"https:\/\/autokey.ch\/de-ch\/wp-json\/wp\/v2\/pages\/63","targetHints":{"allow":["GET"]}}],"collection":[{"href":"https:\/\/autokey.ch\/de-ch\/wp-json\/wp\/v2\/pages"}],"about":[{"href":"https:\/\/autokey.ch\/de-ch\/wp-json\/wp\/v2\/types\/page"}],"author":[{"embeddable":true,"href":"https:\/\/autokey.ch\/de-ch\/wp-json\/wp\/v2\/users\/1"}],"replies":[{"embeddable":true,"href":"https:\/\/autokey.ch\/de-ch\/wp-json\/wp\/v2\/comments?post=63"}],"version-history":[{"count":10,"href":"https:\/\/autokey.ch\/de-ch\/wp-json\/wp\/v2\/pages\/63\/revisions"}],"predecessor-version":[{"id":3175,"href":"https:\/\/autokey.ch\/de-ch\/wp-json\/wp\/v2\/pages\/63\/revisions\/3175"}],"wp:attachment":[{"href":"https:\/\/autokey.ch\/de-ch\/wp-json\/wp\/v2\/media?parent=63"}],"curies":[{"name":"wp","href":"https:\/\/api.w.org\/{rel}","templated":true}]}}